{"id":6099,"date":"2018-11-13T17:11:15","date_gmt":"2018-11-13T17:11:15","guid":{"rendered":"http:\/\/www.cira.unan.edu.ni\/?page_id=6099"},"modified":"2019-12-17T21:42:06","modified_gmt":"2019-12-17T21:42:06","slug":"proyectos-fpi-2015-2017","status":"publish","type":"page","link":"https:\/\/cira.unan.edu.ni\/index.php\/proyectos-fpi-2015-2017\/","title":{"rendered":"Proyectos FPI 2015-2017"},"content":{"rendered":"\n<table id=\"tablepress-12\" class=\"tablepress tablepress-id-12\">\n<thead>\n<tr class=\"row-1\">\n\t<th class=\"column-1\"><p><strong><a name=\"OLE_LINK1\" id=\"OLE_LINK1\">Descripci\u00f3n<\/a><\/strong><\/p><\/th><th class=\"column-2\"><p><strong>Coordinador<\/strong><\/p><\/th><th class=\"column-3\"><p><strong>Periodo    de ejecuci\u00f3n<\/strong><\/p><\/th>\n<\/tr>\n<\/thead>\n<tbody class=\"row-striping row-hover\">\n<tr class=\"row-2\">\n\t<td class=\"column-1\"><p>Valoraci\u00f3n    de la eficiencia de adsorci\u00f3n del carb\u00f3n activado fabricado artesanalmente a    base de c\u00e1scara de J\u00edcaro para la remoci\u00f3n de ars\u00e9nico en agua de consumo    humano Comunidad El Bonete- Villa Nueva, Chinandega, CIRA\/UNAN-Managua, 2015.<\/p><\/td><td class=\"column-2\"><p>Lic.    Kathia Rojas Cerda<br \/><br \/>\n      (tutora:    MSc Maximina Altamirano)<\/p><\/td><td class=\"column-3\"><p>2015    - 2017<\/p><\/td>\n<\/tr>\n<tr class=\"row-3\">\n\t<td class=\"column-1\"><p>Desarrollo    de un sistema remoto para el monitoreo en tiempo real de par\u00e1metros    F\u00edsico-qu\u00edmico, en la laguna de Tiscapa en el periodo 2015-2016.<\/p><\/td><td class=\"column-2\"><p>Lic.    Geimer Aguirre Barahona<\/p><\/td><td class=\"column-3\"><p>2015    - 2017<\/p><\/td>\n<\/tr>\n<tr class=\"row-4\">\n\t<td class=\"column-1\"><p>Identificaci\u00f3n    de residuos plaguicidas de uso actual en vegetales de los mercados y    supermercados de Managua de octubre a abril 2016.<\/p><\/td><td class=\"column-2\"><p>Lic.    Josseth D\u00edaz Dom\u00ednguez<\/p><\/td><td class=\"column-3\"><p>2015    - 2017<\/p><\/td>\n<\/tr>\n<tr class=\"row-5\">\n\t<td class=\"column-1\"><p>Estructura    de las comunidades de diatomeas de los sedimentos del lago Cocibolca y su    aplicaci\u00f3n en la reconstrucci\u00f3n del \u00faltimo siglo.<\/p><\/td><td class=\"column-2\"><p>MSc.    Silvia Hern\u00e1ndez Gonz\u00e1lez<\/p><\/td><td class=\"column-3\"><p>2015    - 2017<\/p><\/td>\n<\/tr>\n<tr class=\"row-6\">\n\t<td class=\"column-1\"><p>Conocimiento    de los ensamblajes de los organismos bi\u00f3ticos acu\u00e1ticos heterotr\u00f3ficos    (Zooplancton, Macroinvertebrados) acumulados en las capas sedimentarias del    Lago Cocibolca: de los \u00faltimos 100 a\u00f1os.<\/p><\/td><td class=\"column-2\"><p>Lic.    Scarleth R\u00e1udez Reyes\/Lic. Jairo L. L\u00f3pez Palma<\/p><\/td><td class=\"column-3\"><p>2015    - 2017<\/p><\/td>\n<\/tr>\n<tr class=\"row-7\">\n\t<td class=\"column-1\"><p>Contaminaci\u00f3n    natural por ars\u00e9nico en las aguas subterr\u00e1neas de la comunidad rural \u201cLa    Fuente\u201d municipio la Paz Centro,\u00a0departamento de Le\u00f3n -2015.<\/p><\/td><td class=\"column-2\"><p>MSc.    Maximina Altamirano Espinoza<\/p><\/td><td class=\"column-3\"><p>2015    - 2017<\/p><\/td>\n<\/tr>\n<tr class=\"row-8\">\n\t<td class=\"column-1\"><p>Uso    del biomarcador cabello humano para valorar la intoxicaci\u00f3n de ars\u00e9nico por    los usuarios de fuentes de aguas contaminadas en la comunidad rural \u201cLa    Fuente\u201d, Municipio de la Paz Centro, Le\u00f3n.<\/p><\/td><td class=\"column-2\"><p>MSc.    Maximina Altamirano Espinoza\/MSc. Silvia Fuentes Huelva<\/p><\/td><td class=\"column-3\"><p>2015    - 2017<\/p><\/td>\n<\/tr>\n<tr class=\"row-9\">\n\t<td class=\"column-1\"><p>Reconstrucci\u00f3n    cualitativa de la productividad primaria del Lago Cocibolca, utilizando la    clorofila a secuestrada en las capas sedimentarias depositadas durante el    \u00faltimo siglo.<\/p><\/td><td class=\"column-2\"><p>MSc.    Camilo Fuentes Pe\u00f1a\/Lic. Carmen Chac\u00f3n Mayorga<\/p><\/td><td class=\"column-3\"><p>2015    - 2017<\/p><\/td>\n<\/tr>\n<tr class=\"row-10\">\n\t<td class=\"column-1\"><p>Niveles    de Concentraci\u00f3n de Mercurio Total de peces en sitios de pesca del r\u00edo    Tipitapa.<\/p><\/td><td class=\"column-2\"><p>MSc.    Bertha Fierro Correa\/Lic. Xaviera M\u00e9ndez Do\u00f1a<\/p><\/td><td class=\"column-3\"><p>2015    - 2017<\/p><\/td>\n<\/tr>\n<\/tbody>\n<\/table>\n<!-- #tablepress-12 from cache -->\n","protected":false},"excerpt":{"rendered":"","protected":false},"author":1,"featured_media":0,"parent":0,"menu_order":0,"comment_status":"closed","ping_status":"closed","template":"","meta":{"site-sidebar-layout":"default","site-content-layout":"","ast-site-content-layout":"default","site-content-style":"default","site-sidebar-style":"default","ast-global-header-display":"","ast-banner-title-visibility":"","ast-main-header-display":"","ast-hfb-above-header-display":"","ast-hfb-below-header-display":"","ast-hfb-mobile-header-display":"","site-post-title":"","ast-breadcrumbs-content":"","ast-featured-img":"","footer-sml-layout":"","ast-disable-related-posts":"","theme-transparent-header-meta":"","adv-header-id-meta":"","stick-header-meta":"","header-above-stick-meta":"","header-main-stick-meta":"","header-below-stick-meta":"","astra-migrate-meta-layouts":"default","ast-page-background-enabled":"default","ast-page-background-meta":{"desktop":{"background-color":"","background-image":"","background-repeat":"repeat","background-position":"center center","background-size":"auto","background-attachment":"scroll","background-type":"","background-media":"","overlay-type":"","overlay-color":"","overlay-opacity":"","overlay-gradient":""},"tablet":{"background-color":"","background-image":"","background-repeat":"repeat","background-position":"center center","background-size":"auto","background-attachment":"scroll","background-type":"","background-media":"","overlay-type":"","overlay-color":"","overlay-opacity":"","overlay-gradient":""},"mobile":{"background-color":"","background-image":"","background-repeat":"repeat","background-position":"center center","background-size":"auto","background-attachment":"scroll","background-type":"","background-media":"","overlay-type":"","overlay-color":"","overlay-opacity":"","overlay-gradient":""}},"ast-content-background-meta":{"desktop":{"background-color":"var(--ast-global-color-5)","background-image":"","background-repeat":"repeat","background-position":"center center","background-size":"auto","background-attachment":"scroll","background-type":"","background-media":"","overlay-type":"","overlay-color":"","overlay-opacity":"","overlay-gradient":""},"tablet":{"background-color":"var(--ast-global-color-5)","background-image":"","background-repeat":"repeat","background-position":"center center","background-size":"auto","background-attachment":"scroll","background-type":"","background-media":"","overlay-type":"","overlay-color":"","overlay-opacity":"","overlay-gradient":""},"mobile":{"background-color":"var(--ast-global-color-5)","background-image":"","background-repeat":"repeat","background-position":"center center","background-size":"auto","background-attachment":"scroll","background-type":"","background-media":"","overlay-type":"","overlay-color":"","overlay-opacity":"","overlay-gradient":""}},"ngg_post_thumbnail":0,"footnotes":""},"class_list":["post-6099","page","type-page","status-publish","hentry"],"yoast_head":"<!-- This site is optimized with the Yoast SEO plugin v27.2 - https:\/\/yoast.com\/product\/yoast-seo-wordpress\/ -->\n<title>Proyectos FPI 2015-2017 - UNAN-Managua\/CIRA<\/title>\n<meta name=\"robots\" content=\"index, follow, max-snippet:-1, max-image-preview:large, max-video-preview:-1\" \/>\n<link rel=\"canonical\" href=\"https:\/\/cira.unan.edu.ni\/index.php\/proyectos-fpi-2015-2017\/\" \/>\n<meta property=\"og:locale\" content=\"es_ES\" \/>\n<meta property=\"og:type\" content=\"article\" \/>\n<meta property=\"og:title\" content=\"Proyectos FPI 2015-2017 - UNAN-Managua\/CIRA\" \/>\n<meta property=\"og:url\" content=\"https:\/\/cira.unan.edu.ni\/index.php\/proyectos-fpi-2015-2017\/\" \/>\n<meta property=\"og:site_name\" content=\"UNAN-Managua\/CIRA\" \/>\n<meta property=\"article:publisher\" content=\"https:\/\/www.facebook.com\/Cira.Unan\/\" \/>\n<meta property=\"article:modified_time\" content=\"2019-12-17T21:42:06+00:00\" \/>\n<meta name=\"twitter:card\" content=\"summary_large_image\" \/>\n<meta name=\"twitter:site\" content=\"@CiraUnan\" \/>\n<script type=\"application\/ld+json\" class=\"yoast-schema-graph\">{\"@context\":\"https:\/\/schema.org\",\"@graph\":[{\"@type\":\"WebPage\",\"@id\":\"https:\/\/cira.unan.edu.ni\/index.php\/proyectos-fpi-2015-2017\/\",\"url\":\"https:\/\/cira.unan.edu.ni\/index.php\/proyectos-fpi-2015-2017\/\",\"name\":\"Proyectos FPI 2015-2017 - UNAN-Managua\/CIRA\",\"isPartOf\":{\"@id\":\"https:\/\/cira.unan.edu.ni\/#website\"},\"datePublished\":\"2018-11-13T17:11:15+00:00\",\"dateModified\":\"2019-12-17T21:42:06+00:00\",\"breadcrumb\":{\"@id\":\"https:\/\/cira.unan.edu.ni\/index.php\/proyectos-fpi-2015-2017\/#breadcrumb\"},\"inLanguage\":\"es\",\"potentialAction\":[{\"@type\":\"ReadAction\",\"target\":[\"https:\/\/cira.unan.edu.ni\/index.php\/proyectos-fpi-2015-2017\/\"]}]},{\"@type\":\"BreadcrumbList\",\"@id\":\"https:\/\/cira.unan.edu.ni\/index.php\/proyectos-fpi-2015-2017\/#breadcrumb\",\"itemListElement\":[{\"@type\":\"ListItem\",\"position\":1,\"name\":\"Portada\",\"item\":\"https:\/\/cira.unan.edu.ni\/\"},{\"@type\":\"ListItem\",\"position\":2,\"name\":\"Proyectos FPI 2015-2017\"}]},{\"@type\":\"WebSite\",\"@id\":\"https:\/\/cira.unan.edu.ni\/#website\",\"url\":\"https:\/\/cira.unan.edu.ni\/\",\"name\":\"CIRA\/UNAN-Managua\",\"description\":\"\",\"publisher\":{\"@id\":\"https:\/\/cira.unan.edu.ni\/#organization\"},\"potentialAction\":[{\"@type\":\"SearchAction\",\"target\":{\"@type\":\"EntryPoint\",\"urlTemplate\":\"https:\/\/cira.unan.edu.ni\/?s={search_term_string}\"},\"query-input\":{\"@type\":\"PropertyValueSpecification\",\"valueRequired\":true,\"valueName\":\"search_term_string\"}}],\"inLanguage\":\"es\"},{\"@type\":\"Organization\",\"@id\":\"https:\/\/cira.unan.edu.ni\/#organization\",\"name\":\"CIRA\/UNAN-Managua\",\"url\":\"https:\/\/cira.unan.edu.ni\/\",\"logo\":{\"@type\":\"ImageObject\",\"inLanguage\":\"es\",\"@id\":\"https:\/\/cira.unan.edu.ni\/#\/schema\/logo\/image\/\",\"url\":\"https:\/\/cira.unan.edu.ni\/wp-content\/uploads\/2018\/01\/logo_web_2018.fw_.png\",\"contentUrl\":\"https:\/\/cira.unan.edu.ni\/wp-content\/uploads\/2018\/01\/logo_web_2018.fw_.png\",\"width\":413,\"height\":88,\"caption\":\"CIRA\/UNAN-Managua\"},\"image\":{\"@id\":\"https:\/\/cira.unan.edu.ni\/#\/schema\/logo\/image\/\"},\"sameAs\":[\"https:\/\/www.facebook.com\/Cira.Unan\/\",\"https:\/\/x.com\/CiraUnan\",\"https:\/\/www.linkedin.com\/in\/cira-unan-managua-77058327\/\",\"https:\/\/www.youtube.com\/channel\/UCJ6caCqajBqeuhTqIPz5shg\"]}]}<\/script>\n<!-- \/ Yoast SEO plugin. -->","yoast_head_json":{"title":"Proyectos FPI 2015-2017 - UNAN-Managua\/CIRA","robots":{"index":"index","follow":"follow","max-snippet":"max-snippet:-1","max-image-preview":"max-image-preview:large","max-video-preview":"max-video-preview:-1"},"canonical":"https:\/\/cira.unan.edu.ni\/index.php\/proyectos-fpi-2015-2017\/","og_locale":"es_ES","og_type":"article","og_title":"Proyectos FPI 2015-2017 - UNAN-Managua\/CIRA","og_url":"https:\/\/cira.unan.edu.ni\/index.php\/proyectos-fpi-2015-2017\/","og_site_name":"UNAN-Managua\/CIRA","article_publisher":"https:\/\/www.facebook.com\/Cira.Unan\/","article_modified_time":"2019-12-17T21:42:06+00:00","twitter_card":"summary_large_image","twitter_site":"@CiraUnan","schema":{"@context":"https:\/\/schema.org","@graph":[{"@type":"WebPage","@id":"https:\/\/cira.unan.edu.ni\/index.php\/proyectos-fpi-2015-2017\/","url":"https:\/\/cira.unan.edu.ni\/index.php\/proyectos-fpi-2015-2017\/","name":"Proyectos FPI 2015-2017 - UNAN-Managua\/CIRA","isPartOf":{"@id":"https:\/\/cira.unan.edu.ni\/#website"},"datePublished":"2018-11-13T17:11:15+00:00","dateModified":"2019-12-17T21:42:06+00:00","breadcrumb":{"@id":"https:\/\/cira.unan.edu.ni\/index.php\/proyectos-fpi-2015-2017\/#breadcrumb"},"inLanguage":"es","potentialAction":[{"@type":"ReadAction","target":["https:\/\/cira.unan.edu.ni\/index.php\/proyectos-fpi-2015-2017\/"]}]},{"@type":"BreadcrumbList","@id":"https:\/\/cira.unan.edu.ni\/index.php\/proyectos-fpi-2015-2017\/#breadcrumb","itemListElement":[{"@type":"ListItem","position":1,"name":"Portada","item":"https:\/\/cira.unan.edu.ni\/"},{"@type":"ListItem","position":2,"name":"Proyectos FPI 2015-2017"}]},{"@type":"WebSite","@id":"https:\/\/cira.unan.edu.ni\/#website","url":"https:\/\/cira.unan.edu.ni\/","name":"CIRA\/UNAN-Managua","description":"","publisher":{"@id":"https:\/\/cira.unan.edu.ni\/#organization"},"potentialAction":[{"@type":"SearchAction","target":{"@type":"EntryPoint","urlTemplate":"https:\/\/cira.unan.edu.ni\/?s={search_term_string}"},"query-input":{"@type":"PropertyValueSpecification","valueRequired":true,"valueName":"search_term_string"}}],"inLanguage":"es"},{"@type":"Organization","@id":"https:\/\/cira.unan.edu.ni\/#organization","name":"CIRA\/UNAN-Managua","url":"https:\/\/cira.unan.edu.ni\/","logo":{"@type":"ImageObject","inLanguage":"es","@id":"https:\/\/cira.unan.edu.ni\/#\/schema\/logo\/image\/","url":"https:\/\/cira.unan.edu.ni\/wp-content\/uploads\/2018\/01\/logo_web_2018.fw_.png","contentUrl":"https:\/\/cira.unan.edu.ni\/wp-content\/uploads\/2018\/01\/logo_web_2018.fw_.png","width":413,"height":88,"caption":"CIRA\/UNAN-Managua"},"image":{"@id":"https:\/\/cira.unan.edu.ni\/#\/schema\/logo\/image\/"},"sameAs":["https:\/\/www.facebook.com\/Cira.Unan\/","https:\/\/x.com\/CiraUnan","https:\/\/www.linkedin.com\/in\/cira-unan-managua-77058327\/","https:\/\/www.youtube.com\/channel\/UCJ6caCqajBqeuhTqIPz5shg"]}]}},"jetpack_sharing_enabled":true,"_links":{"self":[{"href":"https:\/\/cira.unan.edu.ni\/index.php\/wp-json\/wp\/v2\/pages\/6099","targetHints":{"allow":["GET"]}}],"collection":[{"href":"https:\/\/cira.unan.edu.ni\/index.php\/wp-json\/wp\/v2\/pages"}],"about":[{"href":"https:\/\/cira.unan.edu.ni\/index.php\/wp-json\/wp\/v2\/types\/page"}],"author":[{"embeddable":true,"href":"https:\/\/cira.unan.edu.ni\/index.php\/wp-json\/wp\/v2\/users\/1"}],"replies":[{"embeddable":true,"href":"https:\/\/cira.unan.edu.ni\/index.php\/wp-json\/wp\/v2\/comments?post=6099"}],"version-history":[{"count":0,"href":"https:\/\/cira.unan.edu.ni\/index.php\/wp-json\/wp\/v2\/pages\/6099\/revisions"}],"wp:attachment":[{"href":"https:\/\/cira.unan.edu.ni\/index.php\/wp-json\/wp\/v2\/media?parent=6099"}],"curies":[{"name":"wp","href":"https:\/\/api.w.org\/{rel}","templated":true}]}}