{"id":7204,"date":"2018-11-13T17:27:50","date_gmt":"2018-11-13T17:27:50","guid":{"rendered":"http:\/\/www.cira.unan.edu.ni\/?page_id=7204"},"modified":"2018-11-13T17:27:50","modified_gmt":"2018-11-13T17:27:50","slug":"proyectos-fpi-2018-2020","status":"publish","type":"page","link":"https:\/\/cira.unan.edu.ni\/index.php\/proyectos-fpi-2018-2020\/","title":{"rendered":"Proyectos FPI 2018-2020"},"content":{"rendered":"\n<table id=\"tablepress-14\" class=\"tablepress tablepress-id-14\">\n<thead>\n<tr class=\"row-1\">\n\t<th class=\"column-1\"><p><a name=\"OLE_LINK1\" id=\"OLE_LINK1\"><strong>Descripci\u00f3n<\/strong><\/a><\/p><\/th><th class=\"column-2\"><p><strong>Coordinador\/es<\/strong><\/p><\/th><th class=\"column-3\"><p><strong>Periodo de    ejecuci\u00f3n<\/strong><\/p><\/th>\n<\/tr>\n<\/thead>\n<tbody class=\"row-striping row-hover\">\n<tr class=\"row-2\">\n\t<td class=\"column-1\"><p>Calidad    fisicoqu\u00edmica y nutrientes de las aguas de las bah\u00edas de San Juan del Sur,    Escameca, la Flor y el Ostional, Pac\u00edfico Nicarag\u03cbense.<\/p><\/td><td class=\"column-2\"><p>Ing. Iris Lissette Hurtado Garc\u00eda <\/p><\/td><td class=\"column-3\"><p>2018 - 2020<\/p><\/td>\n<\/tr>\n<tr class=\"row-3\">\n\t<td class=\"column-1\"><p>Caracterizaci\u00f3n    fisicoquimica y disponibilidad de nutrientes para el desarrollo y    aprovechamiento ecol\u00f3gico en la Bah\u00eda de Ostional.<\/p><\/td><td class=\"column-2\"><p>Lic. Roberto    Jos\u00e9 Delgado Picado <\/p><\/td><td class=\"column-3\"><p>2018 - 2020<\/p><\/td>\n<\/tr>\n<tr class=\"row-4\">\n\t<td class=\"column-1\"><p>Presencia y abundancia de Gambierdiscus sp en Cayos Miskitos (RACCN) mediante el uso de sustratos artificiales, ante el riesgo potencial de    ciguatera en la regi\u00f3n. <\/p><\/td><td class=\"column-2\"><p>MSc. Ninoska Fabiola Chow Wong<\/p><\/td><td class=\"column-3\"><p>2018 - 2020<\/p><\/td>\n<\/tr>\n<tr class=\"row-5\">\n\t<td class=\"column-1\"><p>Estrategia de    monitoreo y evaluaci\u00f3n de la acidificaci\u00f3n en el mar Caribe de Nicaragua    utilizando la qu\u00edmica del agua. <\/p><\/td><td class=\"column-2\"><p>MSc. Yader    Santiago Caballero Arbiz\u00fa<\/p><\/td><td class=\"column-3\"><p>2018 - 2020<\/p><\/td>\n<\/tr>\n<tr class=\"row-6\">\n\t<td class=\"column-1\"><p>Evaluaci\u00f3n de la    calidad del agua a trav\u00e9s de la medici\u00f3n de variables FQ, Bacteriol\u00f3gico y    nutrientes indicadores de eutrofizaci\u00f3n en el Embalse de Apan\u00e1s-Asturias    (Ramsar No. 1137), Jinotega.<\/p><\/td><td class=\"column-2\"><p>MSc. Yader    Santiago Caballero Arbiz\u00fa<\/p><\/td><td class=\"column-3\"><p>2018 - 2020<\/p><\/td>\n<\/tr>\n<tr class=\"row-7\">\n\t<td class=\"column-1\"><p>Planificaci\u00f3n estrat\u00e9gica para la gesti\u00f3n de los recursos h\u00eddricos del    Comit\u00e9 de Agua Potable y Saneamiento (CAPS) de Monterrey-Santo Domingo, \u00e1rea    de recarga del embalse Apan\u00e1s-Asturias (RAMSAR No. 1137), Jinotega. <\/p><\/td><td class=\"column-2\"><p>Dra. Thelma    Zulema Salvatierra Su\u00e1rez<\/p><\/td><td class=\"column-3\"><p>2018 - 2020<\/p><\/td>\n<\/tr>\n<tr class=\"row-8\">\n\t<td class=\"column-1\"><p>Caracterizaci\u00f3n    de la calidad del agua del r\u00edo Sisle tributario del Embalse Apan\u00e1s-Asturias    (Ramsar No. 1137), Jinotega<\/p><\/td><td class=\"column-2\"><p>PhD. Katia Lily    Montenegro Rayo<\/p><\/td><td class=\"column-3\"><p>2018 - 2020<\/p><\/td>\n<\/tr>\n<tr class=\"row-9\">\n\t<td class=\"column-1\"><p>Evaluaci\u00f3n del desempe\u00f1o y estimaci\u00f3n de la incertidumbre de la    t\u00e9cnica de cromatograf\u00eda i\u00f3nica con supresi\u00f3n qu\u00edmica para la determinaci\u00f3n    de aniones en aguas naturales. <\/p><\/td><td class=\"column-2\"><p>MSc. Junette    Molina Marcia<\/p><\/td><td class=\"column-3\"><p>2018 - 2020<\/p><\/td>\n<\/tr>\n<tr class=\"row-10\">\n\t<td class=\"column-1\"><p>Evaluaci\u00f3n a escala piloto de lechos desnitrificantes para reducir    cargas de nitratos en agua. <\/p><\/td><td class=\"column-2\"><p>MSc. Osnar    Antonio Mondrag\u00f3n Grios<\/p><\/td><td class=\"column-3\"><p>2018 - 2020<\/p><\/td>\n<\/tr>\n<tr class=\"row-11\">\n\t<td class=\"column-1\"><p>Evaluaci\u00f3n de la movilidad y potencial t\u00f3xico de metales traza    (mercurio, ars\u00e9nico, aluminio y plomo) en sedimentos del Lago Xolotl\u00e1n. <\/p><\/td><td class=\"column-2\"><p>MSc. Silvia Onelia Mongalo Lanuza<\/p><\/td><td class=\"column-3\"><p>2018 - 2020<\/p><\/td>\n<\/tr>\n<tr class=\"row-12\">\n\t<td class=\"column-1\"><p>Determinaci\u00f3n    del origen del agua que recarga la laguna de Tiscapa mediante la utilizaci\u00f3n    de is\u00f3topos estables.<\/p><\/td><td class=\"column-2\"><p>Ing. Javier Antonio Barberena Moncada<\/p><\/td><td class=\"column-3\"><p>2018 - 2020<\/p><\/td>\n<\/tr>\n<tr class=\"row-13\">\n\t<td class=\"column-1\"><p>Evaluaci\u00f3n de la calidad y posibles usos de las aguas superficiales    del R\u00edo Tipitapa. <\/p><\/td><td class=\"column-2\"><p>Lic. Rommel Lacayo<\/p><\/td><td class=\"column-3\"><p>2018 - 2020<\/p><\/td>\n<\/tr>\n<\/tbody>\n<\/table>\n<!-- #tablepress-14 from cache -->\n","protected":false},"excerpt":{"rendered":"","protected":false},"author":1,"featured_media":0,"parent":0,"menu_order":0,"comment_status":"closed","ping_status":"closed","template":"","meta":{"site-sidebar-layout":"default","site-content-layout":"","ast-site-content-layout":"default","site-content-style":"default","site-sidebar-style":"default","ast-global-header-display":"","ast-banner-title-visibility":"","ast-main-header-display":"","ast-hfb-above-header-display":"","ast-hfb-below-header-display":"","ast-hfb-mobile-header-display":"","site-post-title":"","ast-breadcrumbs-content":"","ast-featured-img":"","footer-sml-layout":"","ast-disable-related-posts":"","theme-transparent-header-meta":"","adv-header-id-meta":"","stick-header-meta":"","header-above-stick-meta":"","header-main-stick-meta":"","header-below-stick-meta":"","astra-migrate-meta-layouts":"default","ast-page-background-enabled":"default","ast-page-background-meta":{"desktop":{"background-color":"","background-image":"","background-repeat":"repeat","background-position":"center center","background-size":"auto","background-attachment":"scroll","background-type":"","background-media":"","overlay-type":"","overlay-color":"","overlay-opacity":"","overlay-gradient":""},"tablet":{"background-color":"","background-image":"","background-repeat":"repeat","background-position":"center center","background-size":"auto","background-attachment":"scroll","background-type":"","background-media":"","overlay-type":"","overlay-color":"","overlay-opacity":"","overlay-gradient":""},"mobile":{"background-color":"","background-image":"","background-repeat":"repeat","background-position":"center center","background-size":"auto","background-attachment":"scroll","background-type":"","background-media":"","overlay-type":"","overlay-color":"","overlay-opacity":"","overlay-gradient":""}},"ast-content-background-meta":{"desktop":{"background-color":"var(--ast-global-color-5)","background-image":"","background-repeat":"repeat","background-position":"center center","background-size":"auto","background-attachment":"scroll","background-type":"","background-media":"","overlay-type":"","overlay-color":"","overlay-opacity":"","overlay-gradient":""},"tablet":{"background-color":"var(--ast-global-color-5)","background-image":"","background-repeat":"repeat","background-position":"center center","background-size":"auto","background-attachment":"scroll","background-type":"","background-media":"","overlay-type":"","overlay-color":"","overlay-opacity":"","overlay-gradient":""},"mobile":{"background-color":"var(--ast-global-color-5)","background-image":"","background-repeat":"repeat","background-position":"center center","background-size":"auto","background-attachment":"scroll","background-type":"","background-media":"","overlay-type":"","overlay-color":"","overlay-opacity":"","overlay-gradient":""}},"ngg_post_thumbnail":0,"footnotes":""},"class_list":["post-7204","page","type-page","status-publish","hentry"],"yoast_head":"<!-- This site is optimized with the Yoast SEO plugin v27.2 - https:\/\/yoast.com\/product\/yoast-seo-wordpress\/ -->\n<title>Proyectos FPI 2018-2020 - UNAN-Managua\/CIRA<\/title>\n<meta name=\"robots\" content=\"index, follow, max-snippet:-1, max-image-preview:large, max-video-preview:-1\" \/>\n<link rel=\"canonical\" href=\"https:\/\/cira.unan.edu.ni\/index.php\/proyectos-fpi-2018-2020\/\" \/>\n<meta property=\"og:locale\" content=\"es_ES\" \/>\n<meta property=\"og:type\" content=\"article\" \/>\n<meta property=\"og:title\" content=\"Proyectos FPI 2018-2020 - UNAN-Managua\/CIRA\" \/>\n<meta property=\"og:url\" content=\"https:\/\/cira.unan.edu.ni\/index.php\/proyectos-fpi-2018-2020\/\" \/>\n<meta property=\"og:site_name\" content=\"UNAN-Managua\/CIRA\" \/>\n<meta property=\"article:publisher\" content=\"https:\/\/www.facebook.com\/Cira.Unan\/\" \/>\n<meta name=\"twitter:card\" content=\"summary_large_image\" \/>\n<meta name=\"twitter:site\" content=\"@CiraUnan\" \/>\n<script type=\"application\/ld+json\" class=\"yoast-schema-graph\">{\"@context\":\"https:\/\/schema.org\",\"@graph\":[{\"@type\":\"WebPage\",\"@id\":\"https:\/\/cira.unan.edu.ni\/index.php\/proyectos-fpi-2018-2020\/\",\"url\":\"https:\/\/cira.unan.edu.ni\/index.php\/proyectos-fpi-2018-2020\/\",\"name\":\"Proyectos FPI 2018-2020 - UNAN-Managua\/CIRA\",\"isPartOf\":{\"@id\":\"https:\/\/cira.unan.edu.ni\/#website\"},\"datePublished\":\"2018-11-13T17:27:50+00:00\",\"breadcrumb\":{\"@id\":\"https:\/\/cira.unan.edu.ni\/index.php\/proyectos-fpi-2018-2020\/#breadcrumb\"},\"inLanguage\":\"es\",\"potentialAction\":[{\"@type\":\"ReadAction\",\"target\":[\"https:\/\/cira.unan.edu.ni\/index.php\/proyectos-fpi-2018-2020\/\"]}]},{\"@type\":\"BreadcrumbList\",\"@id\":\"https:\/\/cira.unan.edu.ni\/index.php\/proyectos-fpi-2018-2020\/#breadcrumb\",\"itemListElement\":[{\"@type\":\"ListItem\",\"position\":1,\"name\":\"Portada\",\"item\":\"https:\/\/cira.unan.edu.ni\/\"},{\"@type\":\"ListItem\",\"position\":2,\"name\":\"Proyectos FPI 2018-2020\"}]},{\"@type\":\"WebSite\",\"@id\":\"https:\/\/cira.unan.edu.ni\/#website\",\"url\":\"https:\/\/cira.unan.edu.ni\/\",\"name\":\"CIRA\/UNAN-Managua\",\"description\":\"\",\"publisher\":{\"@id\":\"https:\/\/cira.unan.edu.ni\/#organization\"},\"potentialAction\":[{\"@type\":\"SearchAction\",\"target\":{\"@type\":\"EntryPoint\",\"urlTemplate\":\"https:\/\/cira.unan.edu.ni\/?s={search_term_string}\"},\"query-input\":{\"@type\":\"PropertyValueSpecification\",\"valueRequired\":true,\"valueName\":\"search_term_string\"}}],\"inLanguage\":\"es\"},{\"@type\":\"Organization\",\"@id\":\"https:\/\/cira.unan.edu.ni\/#organization\",\"name\":\"CIRA\/UNAN-Managua\",\"url\":\"https:\/\/cira.unan.edu.ni\/\",\"logo\":{\"@type\":\"ImageObject\",\"inLanguage\":\"es\",\"@id\":\"https:\/\/cira.unan.edu.ni\/#\/schema\/logo\/image\/\",\"url\":\"https:\/\/cira.unan.edu.ni\/wp-content\/uploads\/2018\/01\/logo_web_2018.fw_.png\",\"contentUrl\":\"https:\/\/cira.unan.edu.ni\/wp-content\/uploads\/2018\/01\/logo_web_2018.fw_.png\",\"width\":413,\"height\":88,\"caption\":\"CIRA\/UNAN-Managua\"},\"image\":{\"@id\":\"https:\/\/cira.unan.edu.ni\/#\/schema\/logo\/image\/\"},\"sameAs\":[\"https:\/\/www.facebook.com\/Cira.Unan\/\",\"https:\/\/x.com\/CiraUnan\",\"https:\/\/www.linkedin.com\/in\/cira-unan-managua-77058327\/\",\"https:\/\/www.youtube.com\/channel\/UCJ6caCqajBqeuhTqIPz5shg\"]}]}<\/script>\n<!-- \/ Yoast SEO plugin. -->","yoast_head_json":{"title":"Proyectos FPI 2018-2020 - UNAN-Managua\/CIRA","robots":{"index":"index","follow":"follow","max-snippet":"max-snippet:-1","max-image-preview":"max-image-preview:large","max-video-preview":"max-video-preview:-1"},"canonical":"https:\/\/cira.unan.edu.ni\/index.php\/proyectos-fpi-2018-2020\/","og_locale":"es_ES","og_type":"article","og_title":"Proyectos FPI 2018-2020 - UNAN-Managua\/CIRA","og_url":"https:\/\/cira.unan.edu.ni\/index.php\/proyectos-fpi-2018-2020\/","og_site_name":"UNAN-Managua\/CIRA","article_publisher":"https:\/\/www.facebook.com\/Cira.Unan\/","twitter_card":"summary_large_image","twitter_site":"@CiraUnan","schema":{"@context":"https:\/\/schema.org","@graph":[{"@type":"WebPage","@id":"https:\/\/cira.unan.edu.ni\/index.php\/proyectos-fpi-2018-2020\/","url":"https:\/\/cira.unan.edu.ni\/index.php\/proyectos-fpi-2018-2020\/","name":"Proyectos FPI 2018-2020 - UNAN-Managua\/CIRA","isPartOf":{"@id":"https:\/\/cira.unan.edu.ni\/#website"},"datePublished":"2018-11-13T17:27:50+00:00","breadcrumb":{"@id":"https:\/\/cira.unan.edu.ni\/index.php\/proyectos-fpi-2018-2020\/#breadcrumb"},"inLanguage":"es","potentialAction":[{"@type":"ReadAction","target":["https:\/\/cira.unan.edu.ni\/index.php\/proyectos-fpi-2018-2020\/"]}]},{"@type":"BreadcrumbList","@id":"https:\/\/cira.unan.edu.ni\/index.php\/proyectos-fpi-2018-2020\/#breadcrumb","itemListElement":[{"@type":"ListItem","position":1,"name":"Portada","item":"https:\/\/cira.unan.edu.ni\/"},{"@type":"ListItem","position":2,"name":"Proyectos FPI 2018-2020"}]},{"@type":"WebSite","@id":"https:\/\/cira.unan.edu.ni\/#website","url":"https:\/\/cira.unan.edu.ni\/","name":"CIRA\/UNAN-Managua","description":"","publisher":{"@id":"https:\/\/cira.unan.edu.ni\/#organization"},"potentialAction":[{"@type":"SearchAction","target":{"@type":"EntryPoint","urlTemplate":"https:\/\/cira.unan.edu.ni\/?s={search_term_string}"},"query-input":{"@type":"PropertyValueSpecification","valueRequired":true,"valueName":"search_term_string"}}],"inLanguage":"es"},{"@type":"Organization","@id":"https:\/\/cira.unan.edu.ni\/#organization","name":"CIRA\/UNAN-Managua","url":"https:\/\/cira.unan.edu.ni\/","logo":{"@type":"ImageObject","inLanguage":"es","@id":"https:\/\/cira.unan.edu.ni\/#\/schema\/logo\/image\/","url":"https:\/\/cira.unan.edu.ni\/wp-content\/uploads\/2018\/01\/logo_web_2018.fw_.png","contentUrl":"https:\/\/cira.unan.edu.ni\/wp-content\/uploads\/2018\/01\/logo_web_2018.fw_.png","width":413,"height":88,"caption":"CIRA\/UNAN-Managua"},"image":{"@id":"https:\/\/cira.unan.edu.ni\/#\/schema\/logo\/image\/"},"sameAs":["https:\/\/www.facebook.com\/Cira.Unan\/","https:\/\/x.com\/CiraUnan","https:\/\/www.linkedin.com\/in\/cira-unan-managua-77058327\/","https:\/\/www.youtube.com\/channel\/UCJ6caCqajBqeuhTqIPz5shg"]}]}},"jetpack_sharing_enabled":true,"_links":{"self":[{"href":"https:\/\/cira.unan.edu.ni\/index.php\/wp-json\/wp\/v2\/pages\/7204","targetHints":{"allow":["GET"]}}],"collection":[{"href":"https:\/\/cira.unan.edu.ni\/index.php\/wp-json\/wp\/v2\/pages"}],"about":[{"href":"https:\/\/cira.unan.edu.ni\/index.php\/wp-json\/wp\/v2\/types\/page"}],"author":[{"embeddable":true,"href":"https:\/\/cira.unan.edu.ni\/index.php\/wp-json\/wp\/v2\/users\/1"}],"replies":[{"embeddable":true,"href":"https:\/\/cira.unan.edu.ni\/index.php\/wp-json\/wp\/v2\/comments?post=7204"}],"version-history":[{"count":0,"href":"https:\/\/cira.unan.edu.ni\/index.php\/wp-json\/wp\/v2\/pages\/7204\/revisions"}],"wp:attachment":[{"href":"https:\/\/cira.unan.edu.ni\/index.php\/wp-json\/wp\/v2\/media?parent=7204"}],"curies":[{"name":"wp","href":"https:\/\/api.w.org\/{rel}","templated":true}]}}